{"id":6,"date":"2016-09-22T16:21:26","date_gmt":"2016-09-22T14:21:26","guid":{"rendered":"http:\/\/chorale-u-nancy.com\/?page_id=6"},"modified":"2018-03-08T18:11:23","modified_gmt":"2018-03-08T17:11:23","slug":"chorale-universitaire-nancy-demenageur-demenagement-visa-chine-visa-inde-visa-vietnam-visa-russie-croisiere-safari-afrique-garde-meubles","status":"publish","type":"page","link":"https:\/\/chorale-u-nancy.com\/","title":{"rendered":"Chorale Universitaire Nancy"},"content":{"rendered":"<h2>Pr\u00e9sentation de la Chorale Universitaire de Nancy.<\/h2>\n<p>Connaissez-vous la chorale universitaire de Nancy? C&rsquo;est une chorale qui est compos\u00e9e d&rsquo;\u00e9tudiants des universit\u00e9s de Nancy. Si vous avez l&rsquo;\u00e2me d&rsquo;un chanteur ou d&rsquo;une chanteuse, vous pouvez vous inscrire \u00e0 cette chorale. L&rsquo;ambiance y est chaleureuse, tr\u00e8s agr\u00e9able. On ne se juge pas. On chante, c&rsquo;est tout. On appr\u00e9cie les jeudis soirs o\u00f9 tout le monde se r\u00e9unit pour chanter et parfois ces chanteurs de Nancy se retrouvent les week end. Pas de panique: si vous ne savez pas chanter, si vous n&rsquo;\u00eates pas une C\u00e9line Dion, ce n&rsquo;est pas grave: le but c&rsquo;est d&rsquo;\u00eatre ensemble.<\/p>\n<h2>Informations g\u00e9n\u00e9rales sur le d\u00e9m\u00e9nagement.<\/h2>\n<p>C&rsquo;est le moment de d\u00e9m\u00e9nager. Mais avez-vous penser \u00e0 faire appel \u00e0 un d\u00e9m\u00e9nageur <a href=\"http:\/\/demenageur.com\">demenageur.com<\/a>\u00a0? De plus en plus de gens font appel \u00e0 des d\u00e9m\u00e9nageurs pour effectuer leur d\u00e9m\u00e9nagement <a href=\"http:\/\/demenageur.com\/demenagement\/\">demenageur.com\/demenagement\/<\/a>\u00a0. Une soci\u00e9t\u00e9 qui propose \u00e0 ces clients de d\u00e9m\u00e9nager en toute tranquillit\u00e9. Les professionnels d&rsquo;un d\u00e9m\u00e9nagement prennent tout en charge et commencent par vous faire un devis d\u00e9m\u00e9nagement <a href=\"http:\/\/demenageur.com\/devis-demenagement\/\">demenageur.com\/devis-demenagement\/<\/a>\u00a0, souvent gratuit. Ils \u00e9valuent le volume des cartons et donc la taille du camion qu&rsquo;ils vont devoir prendre. Vous pouvez, en attendant de d\u00e9m\u00e9nager, mettre vos meubles dans un garde meuble\u00a0en ville. Vous devez absolument anticiper votre d\u00e9m\u00e9nagement.<\/p>\n<p>Demenagement Paris : <a href=\"http:\/\/demenageur.com\/demenagement-paris-75\/\">demenageur.com\/demenagement-paris-75\/<\/a><\/p>\n<p>Pour certains instruments un monte meuble peut \u00eatre n\u00e9cessaire cependant :\u00a0<a href=\"https:\/\/www.demenageur.com\/comment-louer-un-monte-meuble-combien-cela-coute-t-il\/\">https:\/\/www.demenageur.com\/comment-louer-un-monte-meuble-combien-cela-coute-t-il\/<\/a><\/p>\n<h2>Informations g\u00e9n\u00e9rales sur l&rsquo;assurance vie<\/h2>\n<p>On entend parler souvent assurance vie <a href=\"http:\/\/lassurancevie.fr\">lassurancevie.fr<\/a>\u00a0mais savez(vous ce qu&rsquo;il se cache derri\u00e8re ce terme? l&rsquo;assurance vie est tout d&rsquo;abord un placement. C&rsquo;est d&rsquo;ailleurs le placement pr\u00e9f\u00e9r\u00e9 des fran\u00e7ais. Si vous avez un projet sur le long terme \u00e0 financer, m&rsquo;assurance vie est le placement id\u00e9al. Si, comme de nombreux fran\u00e7ais, vous voulez mettre de l&rsquo;argent de cote afin de pr\u00e9parer votre retraite, vous pouvez aussi placer votre argent dans un assurance vie. Pour cela, vous devez aller voir votre banquier ou votre mutuelle afin de connaitre les propositions qu&rsquo;ils pourraient vous faire. Attention toutefois: lisez bien les termes de votre contrat avant de le signer.<\/p>\n<p>&nbsp;<\/p>\n<h2>Informations g\u00e9n\u00e9rales sur les visas pour l&rsquo;\u00e9tranger:<\/h2>\n<p><a href=\"http:\/\/visachine.fr\">visa chine<\/a>\u00a0: oui, si vous voulez aller dans un de ces pays, il vous faudra un visa. Pour cela, vous devez soit vous rendre \u00e0 l&rsquo;ambassade du pays que vous voulez visiter, soit aller sur les sites du service public. Il y a des d\u00e9marches \u00e0 faire et ces d\u00e9marches sont sp\u00e9cifiques selon le pays que vous voulez visiter. Parois, vous aller devoir commencer vos d\u00e9marches longtemps \u00e0 l&rsquo;avance. Donc n&rsquo;attendez pas le dernier moment. Pensez aussi aux mineurs. Si vous avez des enfants qui sont mineurs, il y a des demandes \u00e0 faire aupr\u00e8s de votre ambassade. Certains pays ne demandent pas l&rsquo;obtention du visa et parfois m\u00eame il suffit d&rsquo;en faire la demande une fois que vous \u00eates sur place. Renseignez vous donc avant de prendre l&rsquo;avion. Vos vacances risqueraient d&rsquo;\u00eatre \u00e9court\u00e9es.<\/p>\n<p>&nbsp;<\/p>\n<h2>Informations g\u00e9n\u00e9rales sur les croisi\u00e8res.<\/h2>\n<p>Avez-vous d\u00e9j\u00e0 penser faire une croisi\u00e8re? la croisi\u00e8re\u00a0est un luxe pur certains, m\u00eame si les prix tendent \u00e0 baisser. Une croisi\u00e8re c&rsquo;est le parfait m\u00e9lange entre la d\u00e9tente et la d\u00e9couverte. Sur le bateau, tout l&rsquo;\u00e9quipage s&rsquo;occupe de vous, dans un environnement d\u00e9di\u00e9 au bien \u00eatre et \u00e0 la relaxation. une fois sur terre, vous d\u00e9couvrez des paysages incroyables avec l&rsquo;aide de guides touristes. De merveilleuses vacances dont vous vous souviendrez toute votre vie.<\/p>\n<p class=\"p1\">\n","protected":false},"excerpt":{"rendered":"<p>Pr\u00e9sentation de la Chorale Universitaire de Nancy. Connaissez-vous la chorale universitaire de Nancy? C&rsquo;est une chorale qui est compos\u00e9e d&rsquo;\u00e9tudiants des universit\u00e9s de Nancy. Si vous avez l&rsquo;\u00e2me d&rsquo;un chanteur ou d&rsquo;une chanteuse, vous pouvez vous inscrire \u00e0 cette chorale. L&rsquo;ambiance y est chaleureuse, tr\u00e8s agr\u00e9able. On ne se juge pas. On chante, c&rsquo;est tout. [&hellip;]<\/p>\n","protected":false},"author":1,"featured_media":0,"parent":0,"menu_order":0,"comment_status":"closed","ping_status":"closed","template":"","meta":[],"_links":{"self":[{"href":"https:\/\/chorale-u-nancy.com\/index.php?rest_route=\/wp\/v2\/pages\/6"}],"collection":[{"href":"https:\/\/chorale-u-nancy.com\/index.php?rest_route=\/wp\/v2\/pages"}],"about":[{"href":"https:\/\/chorale-u-nancy.com\/index.php?rest_route=\/wp\/v2\/types\/page"}],"author":[{"embeddable":true,"href":"https:\/\/chorale-u-nancy.com\/index.php?rest_route=\/wp\/v2\/users\/1"}],"replies":[{"embeddable":true,"href":"https:\/\/chorale-u-nancy.com\/index.php?rest_route=%2Fwp%2Fv2%2Fcomments&post=6"}],"version-history":[{"count":6,"href":"https:\/\/chorale-u-nancy.com\/index.php?rest_route=\/wp\/v2\/pages\/6\/revisions"}],"predecessor-version":[{"id":16,"href":"https:\/\/chorale-u-nancy.com\/index.php?rest_route=\/wp\/v2\/pages\/6\/revisions\/16"}],"wp:attachment":[{"href":"https:\/\/chorale-u-nancy.com\/index.php?rest_route=%2Fwp%2Fv2%2Fmedia&parent=6"}],"curies":[{"name":"wp","href":"https:\/\/api.w.org\/{rel}","templated":true}]}}